{"id":3182,"date":"2016-10-04T09:40:42","date_gmt":"2016-10-04T09:40:42","guid":{"rendered":"https:\/\/www.barcelonaholiday.es\/costa-brava-dia-entero\/"},"modified":"2026-04-06T13:42:39","modified_gmt":"2026-04-06T12:42:39","slug":"excursio-costa-brava-dia-sencer","status":"publish","type":"page","link":"https:\/\/www.barcelonaholiday.es\/ca\/excursio-costa-brava-dia-sencer\/","title":{"rendered":"Excursi\u00f3 per els pobles t\u00edpics de la Costa Brava"},"content":{"rendered":"","protected":false},"excerpt":{"rendered":"","protected":false},"author":1,"featured_media":-1,"parent":0,"menu_order":0,"comment_status":"closed","ping_status":"closed","template":"","meta":{"_acf_changed":false,"footnotes":""},"class_list":["post-3182","page","type-page","status-publish","has-post-thumbnail","hentry"],"acf":[],"yoast_head":"<!-- This site is optimized with the Yoast SEO plugin v27.4 - https:\/\/yoast.com\/product\/yoast-seo-wordpress\/ -->\n<title>Excursi\u00f3 Costa Brava dia sencer- Barcelona Holiday<\/title>\n<meta name=\"description\" content=\"Descobreix en aquesta excursi\u00f3 Costa Brava dia sencer des de Barcelona els indrets m\u00e9s espectaculars a nivell paisatg\u00edstic i hist\u00f2ric.\" \/>\n<meta name=\"robots\" content=\"index, follow, max-snippet:-1, max-image-preview:large, max-video-preview:-1\" \/>\n<link rel=\"canonical\" href=\"https:\/\/www.barcelonaholiday.es\/ca\/excursio-costa-brava-dia-sencer\/\" \/>\n<meta property=\"og:locale\" content=\"ca_ES\" \/>\n<meta property=\"og:type\" content=\"article\" \/>\n<meta property=\"og:title\" content=\"Excursi\u00f3 Costa Brava dia sencer- Barcelona Holiday\" \/>\n<meta property=\"og:description\" content=\"Descobreix en aquesta excursi\u00f3 Costa Brava dia sencer des de Barcelona els indrets m\u00e9s espectaculars a nivell paisatg\u00edstic i hist\u00f2ric.\" \/>\n<meta property=\"og:url\" content=\"https:\/\/www.barcelonaholiday.es\/ca\/excursio-costa-brava-dia-sencer\/\" \/>\n<meta property=\"og:site_name\" content=\"Barcelona Holiday\" \/>\n<meta property=\"article:modified_time\" content=\"2026-04-06T12:42:39+00:00\" \/>\n<meta name=\"twitter:card\" content=\"summary_large_image\" \/>\n<script type=\"application\/ld+json\" class=\"yoast-schema-graph\">{\"@context\":\"https:\\\/\\\/schema.org\",\"@graph\":[{\"@type\":\"WebPage\",\"@id\":\"https:\\\/\\\/www.barcelonaholiday.es\\\/ca\\\/excursio-costa-brava-dia-sencer\\\/\",\"url\":\"https:\\\/\\\/www.barcelonaholiday.es\\\/ca\\\/excursio-costa-brava-dia-sencer\\\/\",\"name\":\"Excursi\u00f3 Costa Brava dia sencer- Barcelona Holiday\",\"isPartOf\":{\"@id\":\"https:\\\/\\\/www.barcelonaholiday.es\\\/ca\\\/#website\"},\"datePublished\":\"2016-10-04T09:40:42+00:00\",\"dateModified\":\"2026-04-06T12:42:39+00:00\",\"description\":\"Descobreix en aquesta excursi\u00f3 Costa Brava dia sencer des de Barcelona els indrets m\u00e9s espectaculars a nivell paisatg\u00edstic i hist\u00f2ric.\",\"breadcrumb\":{\"@id\":\"https:\\\/\\\/www.barcelonaholiday.es\\\/ca\\\/excursio-costa-brava-dia-sencer\\\/#breadcrumb\"},\"inLanguage\":\"ca-ES\",\"potentialAction\":[{\"@type\":\"ReadAction\",\"target\":[\"https:\\\/\\\/www.barcelonaholiday.es\\\/ca\\\/excursio-costa-brava-dia-sencer\\\/\"]}]},{\"@type\":\"BreadcrumbList\",\"@id\":\"https:\\\/\\\/www.barcelonaholiday.es\\\/ca\\\/excursio-costa-brava-dia-sencer\\\/#breadcrumb\",\"itemListElement\":[{\"@type\":\"ListItem\",\"position\":1,\"name\":\"Home\",\"item\":\"https:\\\/\\\/www.barcelonaholiday.es\\\/ca\\\/\"},{\"@type\":\"ListItem\",\"position\":2,\"name\":\"Excursi\u00f3 per els pobles t\u00edpics de la Costa Brava\"}]},{\"@type\":\"WebSite\",\"@id\":\"https:\\\/\\\/www.barcelonaholiday.es\\\/ca\\\/#website\",\"url\":\"https:\\\/\\\/www.barcelonaholiday.es\\\/ca\\\/\",\"name\":\"Barcelona Holiday\",\"description\":\"Altre lloc gestionat amb el WordPress\",\"potentialAction\":[{\"@type\":\"SearchAction\",\"target\":{\"@type\":\"EntryPoint\",\"urlTemplate\":\"https:\\\/\\\/www.barcelonaholiday.es\\\/ca\\\/?s={search_term_string}\"},\"query-input\":{\"@type\":\"PropertyValueSpecification\",\"valueRequired\":true,\"valueName\":\"search_term_string\"}}],\"inLanguage\":\"ca-ES\"}]}<\/script>\n<!-- \/ Yoast SEO plugin. -->","yoast_head_json":{"title":"Excursi\u00f3 Costa Brava dia sencer- Barcelona Holiday","description":"Descobreix en aquesta excursi\u00f3 Costa Brava dia sencer des de Barcelona els indrets m\u00e9s espectaculars a nivell paisatg\u00edstic i hist\u00f2ric.","robots":{"index":"index","follow":"follow","max-snippet":"max-snippet:-1","max-image-preview":"max-image-preview:large","max-video-preview":"max-video-preview:-1"},"canonical":"https:\/\/www.barcelonaholiday.es\/ca\/excursio-costa-brava-dia-sencer\/","og_locale":"ca_ES","og_type":"article","og_title":"Excursi\u00f3 Costa Brava dia sencer- Barcelona Holiday","og_description":"Descobreix en aquesta excursi\u00f3 Costa Brava dia sencer des de Barcelona els indrets m\u00e9s espectaculars a nivell paisatg\u00edstic i hist\u00f2ric.","og_url":"https:\/\/www.barcelonaholiday.es\/ca\/excursio-costa-brava-dia-sencer\/","og_site_name":"Barcelona Holiday","article_modified_time":"2026-04-06T12:42:39+00:00","twitter_card":"summary_large_image","schema":{"@context":"https:\/\/schema.org","@graph":[{"@type":"WebPage","@id":"https:\/\/www.barcelonaholiday.es\/ca\/excursio-costa-brava-dia-sencer\/","url":"https:\/\/www.barcelonaholiday.es\/ca\/excursio-costa-brava-dia-sencer\/","name":"Excursi\u00f3 Costa Brava dia sencer- Barcelona Holiday","isPartOf":{"@id":"https:\/\/www.barcelonaholiday.es\/ca\/#website"},"datePublished":"2016-10-04T09:40:42+00:00","dateModified":"2026-04-06T12:42:39+00:00","description":"Descobreix en aquesta excursi\u00f3 Costa Brava dia sencer des de Barcelona els indrets m\u00e9s espectaculars a nivell paisatg\u00edstic i hist\u00f2ric.","breadcrumb":{"@id":"https:\/\/www.barcelonaholiday.es\/ca\/excursio-costa-brava-dia-sencer\/#breadcrumb"},"inLanguage":"ca-ES","potentialAction":[{"@type":"ReadAction","target":["https:\/\/www.barcelonaholiday.es\/ca\/excursio-costa-brava-dia-sencer\/"]}]},{"@type":"BreadcrumbList","@id":"https:\/\/www.barcelonaholiday.es\/ca\/excursio-costa-brava-dia-sencer\/#breadcrumb","itemListElement":[{"@type":"ListItem","position":1,"name":"Home","item":"https:\/\/www.barcelonaholiday.es\/ca\/"},{"@type":"ListItem","position":2,"name":"Excursi\u00f3 per els pobles t\u00edpics de la Costa Brava"}]},{"@type":"WebSite","@id":"https:\/\/www.barcelonaholiday.es\/ca\/#website","url":"https:\/\/www.barcelonaholiday.es\/ca\/","name":"Barcelona Holiday","description":"Altre lloc gestionat amb el WordPress","potentialAction":[{"@type":"SearchAction","target":{"@type":"EntryPoint","urlTemplate":"https:\/\/www.barcelonaholiday.es\/ca\/?s={search_term_string}"},"query-input":{"@type":"PropertyValueSpecification","valueRequired":true,"valueName":"search_term_string"}}],"inLanguage":"ca-ES"}]}},"_links":{"self":[{"href":"https:\/\/www.barcelonaholiday.es\/ca\/wp-json\/wp\/v2\/pages\/3182","targetHints":{"allow":["GET"]}}],"collection":[{"href":"https:\/\/www.barcelonaholiday.es\/ca\/wp-json\/wp\/v2\/pages"}],"about":[{"href":"https:\/\/www.barcelonaholiday.es\/ca\/wp-json\/wp\/v2\/types\/page"}],"author":[{"embeddable":true,"href":"https:\/\/www.barcelonaholiday.es\/ca\/wp-json\/wp\/v2\/users\/1"}],"replies":[{"embeddable":true,"href":"https:\/\/www.barcelonaholiday.es\/ca\/wp-json\/wp\/v2\/comments?post=3182"}],"version-history":[{"count":7,"href":"https:\/\/www.barcelonaholiday.es\/ca\/wp-json\/wp\/v2\/pages\/3182\/revisions"}],"predecessor-version":[{"id":8027,"href":"https:\/\/www.barcelonaholiday.es\/ca\/wp-json\/wp\/v2\/pages\/3182\/revisions\/8027"}],"wp:featuredmedia":[{"embeddable":true,"href":"https:\/\/www.barcelonaholiday.es\/ca\/wp-json\/"}],"wp:attachment":[{"href":"https:\/\/www.barcelonaholiday.es\/ca\/wp-json\/wp\/v2\/media?parent=3182"}],"curies":[{"name":"wp","href":"https:\/\/api.w.org\/{rel}","templated":true}]}}