{"id":3185,"date":"2017-03-06T18:00:38","date_gmt":"2017-03-06T17:00:38","guid":{"rendered":"https:\/\/www.barcelonaholiday.es\/costa-brava-medio-dia\/"},"modified":"2026-04-06T13:26:04","modified_gmt":"2026-04-06T12:26:04","slug":"excursio-costa-brava-des-de-barcelona","status":"publish","type":"page","link":"https:\/\/www.barcelonaholiday.es\/ca\/excursio-costa-brava-des-de-barcelona\/","title":{"rendered":"Excursi\u00f3 Costa Brava"},"content":{"rendered":"","protected":false},"excerpt":{"rendered":"","protected":false},"author":1,"featured_media":0,"parent":0,"menu_order":0,"comment_status":"closed","ping_status":"closed","template":"","meta":{"_acf_changed":false,"footnotes":""},"class_list":["post-3185","page","type-page","status-publish","hentry"],"acf":[],"yoast_head":"<!-- This site is optimized with the Yoast SEO plugin v27.4 - https:\/\/yoast.com\/product\/yoast-seo-wordpress\/ -->\n<title>Excursi\u00f3 Costa Brava des de Barcelona-Barcelona Holiday<\/title>\n<meta name=\"description\" content=\"En la nostra excursi\u00f3 Costa Brava des de Barcelona visitar\u00e0s els pobles de Lloret i Tossa de Mar. Un passeig en vaixell est\u00e0 incl\u00f2s.\" \/>\n<meta name=\"robots\" content=\"index, follow, max-snippet:-1, max-image-preview:large, max-video-preview:-1\" \/>\n<link rel=\"canonical\" href=\"https:\/\/www.barcelonaholiday.es\/ca\/excursio-costa-brava-des-de-barcelona\/\" \/>\n<meta property=\"og:locale\" content=\"ca_ES\" \/>\n<meta property=\"og:type\" content=\"article\" \/>\n<meta property=\"og:title\" content=\"Excursi\u00f3 Costa Brava des de Barcelona-Barcelona Holiday\" \/>\n<meta property=\"og:description\" content=\"En la nostra excursi\u00f3 Costa Brava des de Barcelona visitar\u00e0s els pobles de Lloret i Tossa de Mar. Un passeig en vaixell est\u00e0 incl\u00f2s.\" \/>\n<meta property=\"og:url\" content=\"https:\/\/www.barcelonaholiday.es\/ca\/excursio-costa-brava-des-de-barcelona\/\" \/>\n<meta property=\"og:site_name\" content=\"Barcelona Holiday\" \/>\n<meta property=\"article:modified_time\" content=\"2026-04-06T12:26:04+00:00\" \/>\n<meta name=\"twitter:card\" content=\"summary_large_image\" \/>\n<script type=\"application\/ld+json\" class=\"yoast-schema-graph\">{\"@context\":\"https:\\\/\\\/schema.org\",\"@graph\":[{\"@type\":\"WebPage\",\"@id\":\"https:\\\/\\\/www.barcelonaholiday.es\\\/ca\\\/excursio-costa-brava-des-de-barcelona\\\/\",\"url\":\"https:\\\/\\\/www.barcelonaholiday.es\\\/ca\\\/excursio-costa-brava-des-de-barcelona\\\/\",\"name\":\"Excursi\u00f3 Costa Brava des de Barcelona-Barcelona Holiday\",\"isPartOf\":{\"@id\":\"https:\\\/\\\/www.barcelonaholiday.es\\\/ca\\\/#website\"},\"datePublished\":\"2017-03-06T17:00:38+00:00\",\"dateModified\":\"2026-04-06T12:26:04+00:00\",\"description\":\"En la nostra excursi\u00f3 Costa Brava des de Barcelona visitar\u00e0s els pobles de Lloret i Tossa de Mar. Un passeig en vaixell est\u00e0 incl\u00f2s.\",\"breadcrumb\":{\"@id\":\"https:\\\/\\\/www.barcelonaholiday.es\\\/ca\\\/excursio-costa-brava-des-de-barcelona\\\/#breadcrumb\"},\"inLanguage\":\"ca-ES\",\"potentialAction\":[{\"@type\":\"ReadAction\",\"target\":[\"https:\\\/\\\/www.barcelonaholiday.es\\\/ca\\\/excursio-costa-brava-des-de-barcelona\\\/\"]}]},{\"@type\":\"BreadcrumbList\",\"@id\":\"https:\\\/\\\/www.barcelonaholiday.es\\\/ca\\\/excursio-costa-brava-des-de-barcelona\\\/#breadcrumb\",\"itemListElement\":[{\"@type\":\"ListItem\",\"position\":1,\"name\":\"Home\",\"item\":\"https:\\\/\\\/www.barcelonaholiday.es\\\/ca\\\/\"},{\"@type\":\"ListItem\",\"position\":2,\"name\":\"Excursi\u00f3 Costa Brava\"}]},{\"@type\":\"WebSite\",\"@id\":\"https:\\\/\\\/www.barcelonaholiday.es\\\/ca\\\/#website\",\"url\":\"https:\\\/\\\/www.barcelonaholiday.es\\\/ca\\\/\",\"name\":\"Barcelona Holiday\",\"description\":\"Altre lloc gestionat amb el WordPress\",\"potentialAction\":[{\"@type\":\"SearchAction\",\"target\":{\"@type\":\"EntryPoint\",\"urlTemplate\":\"https:\\\/\\\/www.barcelonaholiday.es\\\/ca\\\/?s={search_term_string}\"},\"query-input\":{\"@type\":\"PropertyValueSpecification\",\"valueRequired\":true,\"valueName\":\"search_term_string\"}}],\"inLanguage\":\"ca-ES\"}]}<\/script>\n<!-- \/ Yoast SEO plugin. -->","yoast_head_json":{"title":"Excursi\u00f3 Costa Brava des de Barcelona-Barcelona Holiday","description":"En la nostra excursi\u00f3 Costa Brava des de Barcelona visitar\u00e0s els pobles de Lloret i Tossa de Mar. Un passeig en vaixell est\u00e0 incl\u00f2s.","robots":{"index":"index","follow":"follow","max-snippet":"max-snippet:-1","max-image-preview":"max-image-preview:large","max-video-preview":"max-video-preview:-1"},"canonical":"https:\/\/www.barcelonaholiday.es\/ca\/excursio-costa-brava-des-de-barcelona\/","og_locale":"ca_ES","og_type":"article","og_title":"Excursi\u00f3 Costa Brava des de Barcelona-Barcelona Holiday","og_description":"En la nostra excursi\u00f3 Costa Brava des de Barcelona visitar\u00e0s els pobles de Lloret i Tossa de Mar. Un passeig en vaixell est\u00e0 incl\u00f2s.","og_url":"https:\/\/www.barcelonaholiday.es\/ca\/excursio-costa-brava-des-de-barcelona\/","og_site_name":"Barcelona Holiday","article_modified_time":"2026-04-06T12:26:04+00:00","twitter_card":"summary_large_image","schema":{"@context":"https:\/\/schema.org","@graph":[{"@type":"WebPage","@id":"https:\/\/www.barcelonaholiday.es\/ca\/excursio-costa-brava-des-de-barcelona\/","url":"https:\/\/www.barcelonaholiday.es\/ca\/excursio-costa-brava-des-de-barcelona\/","name":"Excursi\u00f3 Costa Brava des de Barcelona-Barcelona Holiday","isPartOf":{"@id":"https:\/\/www.barcelonaholiday.es\/ca\/#website"},"datePublished":"2017-03-06T17:00:38+00:00","dateModified":"2026-04-06T12:26:04+00:00","description":"En la nostra excursi\u00f3 Costa Brava des de Barcelona visitar\u00e0s els pobles de Lloret i Tossa de Mar. Un passeig en vaixell est\u00e0 incl\u00f2s.","breadcrumb":{"@id":"https:\/\/www.barcelonaholiday.es\/ca\/excursio-costa-brava-des-de-barcelona\/#breadcrumb"},"inLanguage":"ca-ES","potentialAction":[{"@type":"ReadAction","target":["https:\/\/www.barcelonaholiday.es\/ca\/excursio-costa-brava-des-de-barcelona\/"]}]},{"@type":"BreadcrumbList","@id":"https:\/\/www.barcelonaholiday.es\/ca\/excursio-costa-brava-des-de-barcelona\/#breadcrumb","itemListElement":[{"@type":"ListItem","position":1,"name":"Home","item":"https:\/\/www.barcelonaholiday.es\/ca\/"},{"@type":"ListItem","position":2,"name":"Excursi\u00f3 Costa Brava"}]},{"@type":"WebSite","@id":"https:\/\/www.barcelonaholiday.es\/ca\/#website","url":"https:\/\/www.barcelonaholiday.es\/ca\/","name":"Barcelona Holiday","description":"Altre lloc gestionat amb el WordPress","potentialAction":[{"@type":"SearchAction","target":{"@type":"EntryPoint","urlTemplate":"https:\/\/www.barcelonaholiday.es\/ca\/?s={search_term_string}"},"query-input":{"@type":"PropertyValueSpecification","valueRequired":true,"valueName":"search_term_string"}}],"inLanguage":"ca-ES"}]}},"_links":{"self":[{"href":"https:\/\/www.barcelonaholiday.es\/ca\/wp-json\/wp\/v2\/pages\/3185","targetHints":{"allow":["GET"]}}],"collection":[{"href":"https:\/\/www.barcelonaholiday.es\/ca\/wp-json\/wp\/v2\/pages"}],"about":[{"href":"https:\/\/www.barcelonaholiday.es\/ca\/wp-json\/wp\/v2\/types\/page"}],"author":[{"embeddable":true,"href":"https:\/\/www.barcelonaholiday.es\/ca\/wp-json\/wp\/v2\/users\/1"}],"replies":[{"embeddable":true,"href":"https:\/\/www.barcelonaholiday.es\/ca\/wp-json\/wp\/v2\/comments?post=3185"}],"version-history":[{"count":6,"href":"https:\/\/www.barcelonaholiday.es\/ca\/wp-json\/wp\/v2\/pages\/3185\/revisions"}],"predecessor-version":[{"id":6167,"href":"https:\/\/www.barcelonaholiday.es\/ca\/wp-json\/wp\/v2\/pages\/3185\/revisions\/6167"}],"wp:attachment":[{"href":"https:\/\/www.barcelonaholiday.es\/ca\/wp-json\/wp\/v2\/media?parent=3185"}],"curies":[{"name":"wp","href":"https:\/\/api.w.org\/{rel}","templated":true}]}}