{"id":8090,"date":"2016-10-04T08:55:33","date_gmt":"2016-10-04T08:55:33","guid":{"rendered":"https:\/\/www.barcelonaholiday.es\/excursiones-desde-barcelona-2\/"},"modified":"2026-02-27T13:50:02","modified_gmt":"2026-02-27T12:50:02","slug":"excursiones-desde-barcelona-2","status":"publish","type":"page","link":"https:\/\/www.barcelonaholiday.es\/pl\/","title":{"rendered":"Home"},"content":{"rendered":"","protected":false},"excerpt":{"rendered":"","protected":false},"author":1,"featured_media":0,"parent":0,"menu_order":0,"comment_status":"closed","ping_status":"open","template":"","meta":{"_acf_changed":false,"footnotes":""},"class_list":["post-8090","page","type-page","status-publish","hentry"],"acf":[],"yoast_head":"<!-- This site is optimized with the Yoast SEO plugin v27.3 - https:\/\/yoast.com\/product\/yoast-seo-wordpress\/ -->\n<title>Wycieczki z Barcelony-Barcelona Holiday<\/title>\n<meta name=\"description\" content=\"Chcesz pozna\u0107 Kataloni\u0119? Nie wahaj si\u0119, w naszym katalogu znajdziesz najlepsze jednodniowe wycieczki z Barcelony. Przyjd\u017a i baw si\u0119 dobrze!\" \/>\n<meta name=\"robots\" content=\"index, follow, max-snippet:-1, max-image-preview:large, max-video-preview:-1\" \/>\n<link rel=\"canonical\" href=\"https:\/\/www.barcelonaholiday.es\/pl\/\" \/>\n<meta property=\"og:locale\" content=\"pl_PL\" \/>\n<meta property=\"og:type\" content=\"article\" \/>\n<meta property=\"og:title\" content=\"Wycieczki z Barcelony-Barcelona Holiday\" \/>\n<meta property=\"og:description\" content=\"Chcesz pozna\u0107 Kataloni\u0119? Nie wahaj si\u0119, w naszym katalogu znajdziesz najlepsze jednodniowe wycieczki z Barcelony. Przyjd\u017a i baw si\u0119 dobrze!\" \/>\n<meta property=\"og:url\" content=\"https:\/\/www.barcelonaholiday.es\/pl\/\" \/>\n<meta property=\"og:site_name\" content=\"Barcelona Holiday\" \/>\n<meta property=\"article:modified_time\" content=\"2026-02-27T12:50:02+00:00\" \/>\n<meta name=\"twitter:card\" content=\"summary_large_image\" \/>\n<script type=\"application\/ld+json\" class=\"yoast-schema-graph\">{\"@context\":\"https:\\\/\\\/schema.org\",\"@graph\":[{\"@type\":\"WebPage\",\"@id\":\"https:\\\/\\\/www.barcelonaholiday.es\\\/pl\\\/\",\"url\":\"https:\\\/\\\/www.barcelonaholiday.es\\\/pl\\\/\",\"name\":\"Wycieczki z Barcelony-Barcelona Holiday\",\"isPartOf\":{\"@id\":\"https:\\\/\\\/www.barcelonaholiday.es\\\/pl\\\/#website\"},\"datePublished\":\"2016-10-04T08:55:33+00:00\",\"dateModified\":\"2026-02-27T12:50:02+00:00\",\"description\":\"Chcesz pozna\u0107 Kataloni\u0119? Nie wahaj si\u0119, w naszym katalogu znajdziesz najlepsze jednodniowe wycieczki z Barcelony. Przyjd\u017a i baw si\u0119 dobrze!\",\"breadcrumb\":{\"@id\":\"https:\\\/\\\/www.barcelonaholiday.es\\\/pl\\\/#breadcrumb\"},\"inLanguage\":\"pl-PL\",\"potentialAction\":[{\"@type\":\"ReadAction\",\"target\":[\"https:\\\/\\\/www.barcelonaholiday.es\\\/pl\\\/\"]}]},{\"@type\":\"BreadcrumbList\",\"@id\":\"https:\\\/\\\/www.barcelonaholiday.es\\\/pl\\\/#breadcrumb\",\"itemListElement\":[{\"@type\":\"ListItem\",\"position\":1,\"name\":\"Home\",\"item\":\"https:\\\/\\\/www.barcelonaholiday.es\\\/pl\\\/excursiones-desde-barcelona-2\\\/\"},{\"@type\":\"ListItem\",\"position\":2,\"name\":\"Home\"}]},{\"@type\":\"WebSite\",\"@id\":\"https:\\\/\\\/www.barcelonaholiday.es\\\/pl\\\/#website\",\"url\":\"https:\\\/\\\/www.barcelonaholiday.es\\\/pl\\\/\",\"name\":\"Barcelona Holiday\",\"description\":\"Altre lloc gestionat amb el WordPress\",\"potentialAction\":[{\"@type\":\"SearchAction\",\"target\":{\"@type\":\"EntryPoint\",\"urlTemplate\":\"https:\\\/\\\/www.barcelonaholiday.es\\\/pl\\\/?s={search_term_string}\"},\"query-input\":{\"@type\":\"PropertyValueSpecification\",\"valueRequired\":true,\"valueName\":\"search_term_string\"}}],\"inLanguage\":\"pl-PL\"}]}<\/script>\n<!-- \/ Yoast SEO plugin. -->","yoast_head_json":{"title":"Wycieczki z Barcelony-Barcelona Holiday","description":"Chcesz pozna\u0107 Kataloni\u0119? Nie wahaj si\u0119, w naszym katalogu znajdziesz najlepsze jednodniowe wycieczki z Barcelony. Przyjd\u017a i baw si\u0119 dobrze!","robots":{"index":"index","follow":"follow","max-snippet":"max-snippet:-1","max-image-preview":"max-image-preview:large","max-video-preview":"max-video-preview:-1"},"canonical":"https:\/\/www.barcelonaholiday.es\/pl\/","og_locale":"pl_PL","og_type":"article","og_title":"Wycieczki z Barcelony-Barcelona Holiday","og_description":"Chcesz pozna\u0107 Kataloni\u0119? Nie wahaj si\u0119, w naszym katalogu znajdziesz najlepsze jednodniowe wycieczki z Barcelony. Przyjd\u017a i baw si\u0119 dobrze!","og_url":"https:\/\/www.barcelonaholiday.es\/pl\/","og_site_name":"Barcelona Holiday","article_modified_time":"2026-02-27T12:50:02+00:00","twitter_card":"summary_large_image","schema":{"@context":"https:\/\/schema.org","@graph":[{"@type":"WebPage","@id":"https:\/\/www.barcelonaholiday.es\/pl\/","url":"https:\/\/www.barcelonaholiday.es\/pl\/","name":"Wycieczki z Barcelony-Barcelona Holiday","isPartOf":{"@id":"https:\/\/www.barcelonaholiday.es\/pl\/#website"},"datePublished":"2016-10-04T08:55:33+00:00","dateModified":"2026-02-27T12:50:02+00:00","description":"Chcesz pozna\u0107 Kataloni\u0119? Nie wahaj si\u0119, w naszym katalogu znajdziesz najlepsze jednodniowe wycieczki z Barcelony. Przyjd\u017a i baw si\u0119 dobrze!","breadcrumb":{"@id":"https:\/\/www.barcelonaholiday.es\/pl\/#breadcrumb"},"inLanguage":"pl-PL","potentialAction":[{"@type":"ReadAction","target":["https:\/\/www.barcelonaholiday.es\/pl\/"]}]},{"@type":"BreadcrumbList","@id":"https:\/\/www.barcelonaholiday.es\/pl\/#breadcrumb","itemListElement":[{"@type":"ListItem","position":1,"name":"Home","item":"https:\/\/www.barcelonaholiday.es\/pl\/excursiones-desde-barcelona-2\/"},{"@type":"ListItem","position":2,"name":"Home"}]},{"@type":"WebSite","@id":"https:\/\/www.barcelonaholiday.es\/pl\/#website","url":"https:\/\/www.barcelonaholiday.es\/pl\/","name":"Barcelona Holiday","description":"Altre lloc gestionat amb el WordPress","potentialAction":[{"@type":"SearchAction","target":{"@type":"EntryPoint","urlTemplate":"https:\/\/www.barcelonaholiday.es\/pl\/?s={search_term_string}"},"query-input":{"@type":"PropertyValueSpecification","valueRequired":true,"valueName":"search_term_string"}}],"inLanguage":"pl-PL"}]}},"_links":{"self":[{"href":"https:\/\/www.barcelonaholiday.es\/pl\/wp-json\/wp\/v2\/pages\/8090","targetHints":{"allow":["GET"]}}],"collection":[{"href":"https:\/\/www.barcelonaholiday.es\/pl\/wp-json\/wp\/v2\/pages"}],"about":[{"href":"https:\/\/www.barcelonaholiday.es\/pl\/wp-json\/wp\/v2\/types\/page"}],"author":[{"embeddable":true,"href":"https:\/\/www.barcelonaholiday.es\/pl\/wp-json\/wp\/v2\/users\/1"}],"replies":[{"embeddable":true,"href":"https:\/\/www.barcelonaholiday.es\/pl\/wp-json\/wp\/v2\/comments?post=8090"}],"version-history":[{"count":1,"href":"https:\/\/www.barcelonaholiday.es\/pl\/wp-json\/wp\/v2\/pages\/8090\/revisions"}],"predecessor-version":[{"id":8113,"href":"https:\/\/www.barcelonaholiday.es\/pl\/wp-json\/wp\/v2\/pages\/8090\/revisions\/8113"}],"wp:attachment":[{"href":"https:\/\/www.barcelonaholiday.es\/pl\/wp-json\/wp\/v2\/media?parent=8090"}],"curies":[{"name":"wp","href":"https:\/\/api.w.org\/{rel}","templated":true}]}}