{"id":2983,"date":"2017-03-06T18:00:38","date_gmt":"2017-03-06T17:00:38","guid":{"rendered":"https:\/\/www.barcelonaholiday.es\/costa-brava-medio-dia\/"},"modified":"2026-04-06T13:29:35","modified_gmt":"2026-04-06T12:29:35","slug":"excursao-costa-brava-de-barcelona","status":"publish","type":"page","link":"https:\/\/www.barcelonaholiday.es\/pt-br\/excursao-costa-brava-de-barcelona\/","title":{"rendered":"Excurs\u00e3o Costa Brava"},"content":{"rendered":"","protected":false},"excerpt":{"rendered":"","protected":false},"author":1,"featured_media":0,"parent":0,"menu_order":0,"comment_status":"closed","ping_status":"closed","template":"","meta":{"_acf_changed":false,"footnotes":""},"class_list":["post-2983","page","type-page","status-publish","hentry"],"acf":[],"yoast_head":"<!-- This site is optimized with the Yoast SEO plugin v27.4 - https:\/\/yoast.com\/product\/yoast-seo-wordpress\/ -->\n<title>Excurs\u00e3o Costa Brava de Barcelona-Barcelona Holiday<\/title>\n<meta name=\"description\" content=\"Junte-se \u00e0 nossa excurs\u00e3o \u00e0 Costa Brava saindo de Barcelona. Voc\u00ea conhecer\u00e1 Lloret de Mar e Tossa de Mar. Fabuloso passeio de barco inclu\u00eddo.\" \/>\n<meta name=\"robots\" content=\"index, follow, max-snippet:-1, max-image-preview:large, max-video-preview:-1\" \/>\n<link rel=\"canonical\" href=\"https:\/\/www.barcelonaholiday.es\/pt-br\/excursao-costa-brava-de-barcelona\/\" \/>\n<meta property=\"og:locale\" content=\"pt_BR\" \/>\n<meta property=\"og:type\" content=\"article\" \/>\n<meta property=\"og:title\" content=\"Excurs\u00e3o Costa Brava de Barcelona-Barcelona Holiday\" \/>\n<meta property=\"og:description\" content=\"Junte-se \u00e0 nossa excurs\u00e3o \u00e0 Costa Brava saindo de Barcelona. Voc\u00ea conhecer\u00e1 Lloret de Mar e Tossa de Mar. Fabuloso passeio de barco inclu\u00eddo.\" \/>\n<meta property=\"og:url\" content=\"https:\/\/www.barcelonaholiday.es\/pt-br\/excursao-costa-brava-de-barcelona\/\" \/>\n<meta property=\"og:site_name\" content=\"Barcelona Holiday\" \/>\n<meta property=\"article:modified_time\" content=\"2026-04-06T12:29:35+00:00\" \/>\n<meta name=\"twitter:card\" content=\"summary_large_image\" \/>\n<script type=\"application\/ld+json\" class=\"yoast-schema-graph\">{\"@context\":\"https:\\\/\\\/schema.org\",\"@graph\":[{\"@type\":\"WebPage\",\"@id\":\"https:\\\/\\\/www.barcelonaholiday.es\\\/pt-br\\\/excursao-costa-brava-de-barcelona\\\/\",\"url\":\"https:\\\/\\\/www.barcelonaholiday.es\\\/pt-br\\\/excursao-costa-brava-de-barcelona\\\/\",\"name\":\"Excurs\u00e3o Costa Brava de Barcelona-Barcelona Holiday\",\"isPartOf\":{\"@id\":\"https:\\\/\\\/www.barcelonaholiday.es\\\/pt-br\\\/#website\"},\"datePublished\":\"2017-03-06T17:00:38+00:00\",\"dateModified\":\"2026-04-06T12:29:35+00:00\",\"description\":\"Junte-se \u00e0 nossa excurs\u00e3o \u00e0 Costa Brava saindo de Barcelona. Voc\u00ea conhecer\u00e1 Lloret de Mar e Tossa de Mar. Fabuloso passeio de barco inclu\u00eddo.\",\"breadcrumb\":{\"@id\":\"https:\\\/\\\/www.barcelonaholiday.es\\\/pt-br\\\/excursao-costa-brava-de-barcelona\\\/#breadcrumb\"},\"inLanguage\":\"pt-BR\",\"potentialAction\":[{\"@type\":\"ReadAction\",\"target\":[\"https:\\\/\\\/www.barcelonaholiday.es\\\/pt-br\\\/excursao-costa-brava-de-barcelona\\\/\"]}]},{\"@type\":\"BreadcrumbList\",\"@id\":\"https:\\\/\\\/www.barcelonaholiday.es\\\/pt-br\\\/excursao-costa-brava-de-barcelona\\\/#breadcrumb\",\"itemListElement\":[{\"@type\":\"ListItem\",\"position\":1,\"name\":\"Home\",\"item\":\"https:\\\/\\\/www.barcelonaholiday.es\\\/pt-br\\\/passeios-de-barcelona-2-2\\\/\"},{\"@type\":\"ListItem\",\"position\":2,\"name\":\"Excurs\u00e3o Costa Brava\"}]},{\"@type\":\"WebSite\",\"@id\":\"https:\\\/\\\/www.barcelonaholiday.es\\\/pt-br\\\/#website\",\"url\":\"https:\\\/\\\/www.barcelonaholiday.es\\\/pt-br\\\/\",\"name\":\"Barcelona Holiday\",\"description\":\"Altre lloc gestionat amb el WordPress\",\"potentialAction\":[{\"@type\":\"SearchAction\",\"target\":{\"@type\":\"EntryPoint\",\"urlTemplate\":\"https:\\\/\\\/www.barcelonaholiday.es\\\/pt-br\\\/?s={search_term_string}\"},\"query-input\":{\"@type\":\"PropertyValueSpecification\",\"valueRequired\":true,\"valueName\":\"search_term_string\"}}],\"inLanguage\":\"pt-BR\"}]}<\/script>\n<!-- \/ Yoast SEO plugin. -->","yoast_head_json":{"title":"Excurs\u00e3o Costa Brava de Barcelona-Barcelona Holiday","description":"Junte-se \u00e0 nossa excurs\u00e3o \u00e0 Costa Brava saindo de Barcelona. Voc\u00ea conhecer\u00e1 Lloret de Mar e Tossa de Mar. Fabuloso passeio de barco inclu\u00eddo.","robots":{"index":"index","follow":"follow","max-snippet":"max-snippet:-1","max-image-preview":"max-image-preview:large","max-video-preview":"max-video-preview:-1"},"canonical":"https:\/\/www.barcelonaholiday.es\/pt-br\/excursao-costa-brava-de-barcelona\/","og_locale":"pt_BR","og_type":"article","og_title":"Excurs\u00e3o Costa Brava de Barcelona-Barcelona Holiday","og_description":"Junte-se \u00e0 nossa excurs\u00e3o \u00e0 Costa Brava saindo de Barcelona. Voc\u00ea conhecer\u00e1 Lloret de Mar e Tossa de Mar. Fabuloso passeio de barco inclu\u00eddo.","og_url":"https:\/\/www.barcelonaholiday.es\/pt-br\/excursao-costa-brava-de-barcelona\/","og_site_name":"Barcelona Holiday","article_modified_time":"2026-04-06T12:29:35+00:00","twitter_card":"summary_large_image","schema":{"@context":"https:\/\/schema.org","@graph":[{"@type":"WebPage","@id":"https:\/\/www.barcelonaholiday.es\/pt-br\/excursao-costa-brava-de-barcelona\/","url":"https:\/\/www.barcelonaholiday.es\/pt-br\/excursao-costa-brava-de-barcelona\/","name":"Excurs\u00e3o Costa Brava de Barcelona-Barcelona Holiday","isPartOf":{"@id":"https:\/\/www.barcelonaholiday.es\/pt-br\/#website"},"datePublished":"2017-03-06T17:00:38+00:00","dateModified":"2026-04-06T12:29:35+00:00","description":"Junte-se \u00e0 nossa excurs\u00e3o \u00e0 Costa Brava saindo de Barcelona. Voc\u00ea conhecer\u00e1 Lloret de Mar e Tossa de Mar. Fabuloso passeio de barco inclu\u00eddo.","breadcrumb":{"@id":"https:\/\/www.barcelonaholiday.es\/pt-br\/excursao-costa-brava-de-barcelona\/#breadcrumb"},"inLanguage":"pt-BR","potentialAction":[{"@type":"ReadAction","target":["https:\/\/www.barcelonaholiday.es\/pt-br\/excursao-costa-brava-de-barcelona\/"]}]},{"@type":"BreadcrumbList","@id":"https:\/\/www.barcelonaholiday.es\/pt-br\/excursao-costa-brava-de-barcelona\/#breadcrumb","itemListElement":[{"@type":"ListItem","position":1,"name":"Home","item":"https:\/\/www.barcelonaholiday.es\/pt-br\/passeios-de-barcelona-2-2\/"},{"@type":"ListItem","position":2,"name":"Excurs\u00e3o Costa Brava"}]},{"@type":"WebSite","@id":"https:\/\/www.barcelonaholiday.es\/pt-br\/#website","url":"https:\/\/www.barcelonaholiday.es\/pt-br\/","name":"Barcelona Holiday","description":"Altre lloc gestionat amb el WordPress","potentialAction":[{"@type":"SearchAction","target":{"@type":"EntryPoint","urlTemplate":"https:\/\/www.barcelonaholiday.es\/pt-br\/?s={search_term_string}"},"query-input":{"@type":"PropertyValueSpecification","valueRequired":true,"valueName":"search_term_string"}}],"inLanguage":"pt-BR"}]}},"_links":{"self":[{"href":"https:\/\/www.barcelonaholiday.es\/pt-br\/wp-json\/wp\/v2\/pages\/2983","targetHints":{"allow":["GET"]}}],"collection":[{"href":"https:\/\/www.barcelonaholiday.es\/pt-br\/wp-json\/wp\/v2\/pages"}],"about":[{"href":"https:\/\/www.barcelonaholiday.es\/pt-br\/wp-json\/wp\/v2\/types\/page"}],"author":[{"embeddable":true,"href":"https:\/\/www.barcelonaholiday.es\/pt-br\/wp-json\/wp\/v2\/users\/1"}],"replies":[{"embeddable":true,"href":"https:\/\/www.barcelonaholiday.es\/pt-br\/wp-json\/wp\/v2\/comments?post=2983"}],"version-history":[{"count":5,"href":"https:\/\/www.barcelonaholiday.es\/pt-br\/wp-json\/wp\/v2\/pages\/2983\/revisions"}],"predecessor-version":[{"id":6175,"href":"https:\/\/www.barcelonaholiday.es\/pt-br\/wp-json\/wp\/v2\/pages\/2983\/revisions\/6175"}],"wp:attachment":[{"href":"https:\/\/www.barcelonaholiday.es\/pt-br\/wp-json\/wp\/v2\/media?parent=2983"}],"curies":[{"name":"wp","href":"https:\/\/api.w.org\/{rel}","templated":true}]}}